{"id":143678,"date":"2023-11-15T10:50:30","date_gmt":"2023-11-15T10:50:30","guid":{"rendered":"https:\/\/www.equitat.org\/?page_id=143678"},"modified":"2025-12-01T16:51:58","modified_gmt":"2025-12-01T16:51:58","slug":"politica-de-cookies","status":"publish","type":"page","link":"https:\/\/www.equitat.org\/es\/politica-de-cookies","title":{"rendered":"Pol\u00edtica de cookies"},"content":{"rendered":"\n<p>Esta Pol\u00edtica de Cookies forma parte del <a href=\"http:\/\/www.fundaciobofill.cat\/avis-legal\">Aviso legal<\/a> de la Fundaci\u00f3n Jaume Bofill. El acceso y la navegaci\u00f3n por la web o la utilizaci\u00f3n de sus servicios implican la aceptaci\u00f3n de la presente Pol\u00edtica de Cookies.<\/p>\n\n\n\n<p>Como todo el mundo, usamos cookies en las p\u00e1ginas web para que puedas navegar mejor. Siempre hacemos un uso honesto de ellas. Pero, como esto puede afectar a tu privacidad, aqu\u00ed te explicamos con la m\u00e1xima transparencia cu\u00e1les utilizamos y c\u00f3mo desactivarlas.<\/p>\n\n\n\n<h4 class=\"wp-block-heading\">\u00bfQu\u00e9 es una cookie?<\/h4>\n\n\n\n<p>Las cookies son archivos enviados a un navegador mediante un servidor web, que se descargan en el dispositivo del usuario. Se trata de cualquier tipo de dispositivo que se descargue en el equipo terminal de un usuario con la finalidad de almacenar, recuperar y\/o actualizar datos.<\/p>\n\n\n\n<p>Con el objetivo de garantizar tu privacidad, te informamos de que en <strong><a href=\"http:\/\/www.fundaciobofill.cat\">www.fundaciobofill.cat<\/a><\/strong> utilizamos cookies que nos permiten facilitar el uso y la navegaci\u00f3n a trav\u00e9s de la p\u00e1gina web, garantizar el acceso a determinadas funcionalidades y, adem\u00e1s, nos ayudan a mejorar la calidad de la p\u00e1gina de acuerdo con los h\u00e1bitos y estilos de navegaci\u00f3n de los usuarios.<\/p>\n\n\n\n<p>Las cookies ofrecen informaci\u00f3n sobre los h\u00e1bitos de navegaci\u00f3n de los usuarios y, en consecuencia, pueden afectar a su privacidad; por este motivo, desde la Fundaci\u00f3n Jaume Bofill queremos ofrecerte la informaci\u00f3n necesaria sobre la tipolog\u00eda de cookies utilizadas en nuestra p\u00e1gina web, para que tengas plena capacidad de decisi\u00f3n en relaci\u00f3n con su uso y con la protecci\u00f3n de tu privacidad.<\/p>\n\n\n\n<p><strong>Tipolog\u00eda de cookies utilizadas<\/strong><\/p>\n\n\n\n<p><strong>Cookies de terceros:<\/strong> Son aquellas que se env\u00edan al terminal del usuario desde un equipo o dominio que no es gestionado por la Fundaci\u00f3n Jaume Bofill, sino por otra entidad que trata los datos obtenidos a trav\u00e9s de las cookies.<\/p>\n\n\n\n<p><strong>Cookies de sesi\u00f3n:<\/strong> Son aquellas que expiran cuando el usuario cierra el navegador. Es decir, son cookies que se asignan al dispositivo desde el cual se navega solo durante la visita a nuestro portal y desaparecen autom\u00e1ticamente al cerrar el navegador.<\/p>\n\n\n\n<p><strong>Cookies permanentes:<\/strong> Son las que expiran cuando se cumple con el objetivo para el que sirven. Es decir, no finalizan autom\u00e1ticamente al cerrar la sesi\u00f3n.<\/p>\n\n\n\n<p><strong>Cookies anal\u00edticas:<\/strong> Permiten comprobar c\u00f3mo navegan los visitantes por el sitio web, as\u00ed como registrar los contenidos que visualizan y los que son de su inter\u00e9s. Estas cookies nos ayudan a mejorar el servicio que ofrecemos, garantizando as\u00ed que nuestros usuarios encuentren la informaci\u00f3n que desean.<\/p>\n\n\n\n<p><strong>Cookies sociales:<\/strong> Son necesarias en redes sociales como Facebook, Twitter, etc., para controlar la interacci\u00f3n con los widgets sociales en el sitio web.<\/p>\n\n\n\n<p><strong>Cookies de informaci\u00f3n relacionada:<\/strong> Son aquellas que, tratadas por nosotros o por terceros, nos permiten gestionar de la forma m\u00e1s eficaz posible la oferta del material relacionado que hay en la p\u00e1gina web, adecuando el contenido de la informaci\u00f3n al contenido del servicio solicitado o al uso que realice de nuestra p\u00e1gina web. Para ello podemos analizar tus h\u00e1bitos de navegaci\u00f3n en Internet y mostrarte publicidad relacionada con tu perfil de navegaci\u00f3n.<\/p>\n\n\n\n<p><strong>Cookies de informaci\u00f3n relacionada comportamental:<\/strong> Son aquellas que permiten la gesti\u00f3n, de la forma m\u00e1s eficaz posible, de los espacios que, en su caso, el editor haya incluido en una p\u00e1gina web, aplicaci\u00f3n o plataforma desde la cual se presta el servicio solicitado. Estas cookies almacenan informaci\u00f3n del comportamiento de los usuarios obtenida a trav\u00e9s de la observaci\u00f3n continuada de sus h\u00e1bitos de navegaci\u00f3n, lo que permite desarrollar un perfil espec\u00edfico para mostrar informaci\u00f3n relacionada de inter\u00e9s en funci\u00f3n del mismo.<\/p>\n\n\n\n<p>Asimismo, es posible que en alguna visita a nuestra p\u00e1gina web o al abrir alg\u00fan correo electr\u00f3nico donde se publique material relacionado con nuestros productos o servicios, se instale en tu navegador alguna cookie que nos sirva para mostrar posteriormente informaci\u00f3n relacionada con la b\u00fasqueda que hayas realizado, desarrollar un control de nuestro material en relaci\u00f3n, por ejemplo, con el n\u00famero de veces que se visualiza, d\u00f3nde aparece, a qu\u00e9 hora se ve, etc.<\/p>\n\n\n\n<p><strong>Identificaci\u00f3 de les cookies utilitzades<\/strong><\/p>\n\n\n\n<p>Identificaci\u00f3n de las cookies utilizadas<\/p>\n\n\n\n<p>Concretamente, nuestra p\u00e1gina web utiliza cookies propias de personalizaci\u00f3n que permiten al usuario configurar elementos como el idioma o el pa\u00eds de env\u00edo para que pueda tener una mejor experiencia de navegaci\u00f3n. Esta p\u00e1gina utiliza cookies de medici\u00f3n que nos permiten realizar el an\u00e1lisis estad\u00edstico del uso que hacen los usuarios de nuestro servicio.<\/p>\n\n\n\n<p>Este sitio web tambi\u00e9n utiliza el servicio de <strong>Google Analytics<\/strong>, que es prestado por <strong>Google Inc.<\/strong>, entidad cuya oficina principal se encuentra en 1600 Amphitheatre Parkway, Mountain View (California) CA 94043, Estados Unidos.<\/p>\n\n\n\n<figure class=\"wp-block-table\"><table class=\"has-fixed-layout\"><thead><tr><th>Nombre<\/th><th>Titular<\/th><th>Tipo<\/th><th>Duraci\u00f3n<\/th><th>Finalidad<\/th><\/tr><\/thead><tbody><tr><td><strong>utma<\/strong><\/td><td>Google-analytics.com<\/td><td>ANAL\u00cdTICA<\/td><td>2 a\u00f1os<\/td><td>Mantiene un registro del n\u00famero de veces que un usuario ha estado en un sitio, cu\u00e1ndo fue su primera visita y cu\u00e1ndo se produjo su \u00faltima visita.<\/td><\/tr><tr><td><strong>utmb<\/strong><\/td><td>Google-analytics.com<\/td><td>ANAL\u00cdTICA<\/td><td>expira al finalizar la sesi\u00f3n<\/td><td>Ayuda a calcular cu\u00e1nto dura la visita de un usuario almacenando el momento de entrada en la p\u00e1gina web.<\/td><\/tr><tr><td><strong>utmc<\/strong><\/td><td>Google-analytics.com<\/td><td>ANAL\u00cdTICA (autenticaci\u00f3n)<\/td><td>expira al finalizar la sesi\u00f3n<\/td><td>Ayuda a calcular cu\u00e1nto dura la visita del usuario almacenando el momento de salida de la p\u00e1gina web.<\/td><\/tr><tr><td><strong>utmz<\/strong><\/td><td>Google-analytics.com<\/td><td>ANAL\u00cdTICA<\/td><td>expira al finalizar la sesi\u00f3n<\/td><td>Mantiene un seguimiento del origen del visitante, qu\u00e9 motor de b\u00fasqueda utiliz\u00f3, en qu\u00e9 enlace hizo clic, qu\u00e9 palabras clave us\u00f3 y desde qu\u00e9 lugar del mundo accedi\u00f3 a la p\u00e1gina.<\/td><\/tr><\/tbody><\/table><\/figure>\n\n\n\n<p>Tambi\u00e9n utilizamos cookies de <strong>Facebook Inc.<\/strong>, entidad cuya oficina central se encuentra en 1601 Willow Road, Menlo Park (California) CA 94025, Estados Unidos.<\/p>\n\n\n\n<figure class=\"wp-block-table\"><table class=\"has-fixed-layout\"><thead><tr><th>Nombre<\/th><th>Titular<\/th><th>Tipo<\/th><th>Duraci\u00f3n<\/th><th>Finalidad<\/th><\/tr><\/thead><tbody><tr><td><strong>reg_ext_ref<\/strong><\/td><td>Facebook<\/td><td>SOCIAL<\/td><td>expira al finalizar la sesi\u00f3n<\/td><td>Facebook utiliza estas cookies para identificar el navegador web utilizado para acceder a Facebook, as\u00ed como el sitio desde donde el usuario se conect\u00f3 al navegador.<\/td><\/tr><\/tbody><\/table><\/figure>\n\n\n\n<p><strong>Inhabilitar las cookies<\/strong><\/p>\n\n\n\n<p>Puedes oponerte a la instalaci\u00f3n de cookies en cualquier momento desde tu navegador, configurando tus preferencias.<\/p>\n\n\n\n<p>Puedes encontrar informaci\u00f3n sobre c\u00f3mo desinstalar las cookies seg\u00fan el navegador que utilices en las siguientes direcciones:<\/p>\n\n\n\n<ul class=\"wp-block-list\">\n<li>Si utilizas <strong>Firefox<\/strong>: <a href=\"http:\/\/support.mozilla.org\/es\/kb\/habilitar-y-deshabilitar-cookies-que-los-sitios-we\">http:\/\/support.mozilla.org\/es\/kb\/habilitar-y-deshabilitar-cookies-que-los-sitios-we<\/a><\/li>\n\n\n\n<li>Si utilizas <strong>Chrome<\/strong>: <a href=\"https:\/\/support.google.com\/chrome\/answer\/95647?hl=es\">https:\/\/support.google.com\/chrome\/answer\/95647?hl=es<\/a><\/li>\n\n\n\n<li>Si utilizas <strong>Internet Explorer<\/strong>: <a href=\"http:\/\/support.microsoft.com\/kb\/196955\">http:\/\/support.microsoft.com\/kb\/196955<\/a><\/li>\n\n\n\n<li>Si utilizas <strong>Safari<\/strong>: <a href=\"http:\/\/support.apple.com\/kb\/HT1677?viewlocale=es_Es\">http:\/\/support.apple.com\/kb\/HT1677?viewlocale=es_Es<\/a><\/li>\n<\/ul>\n\n\n\n<p><br><strong>Actualizaciones y cambios en la pol\u00edtica de cookies<\/strong><\/p>\n\n\n\n<p>La web de la Fundaci\u00f3n Jaume Bofill puede modificar esta Pol\u00edtica de Cookies en funci\u00f3n de las exigencias legislativas o reglamentarias, o con la finalidad de adaptarla a las instrucciones dictadas por la Agencia Espa\u00f1ola de Protecci\u00f3n de Datos. Por ello, se aconseja a los usuarios que la visiten peri\u00f3dicamente.<\/p>\n","protected":false},"excerpt":{"rendered":"<p>Esta Pol\u00edtica de Cookies forma parte del Aviso legal de la Fundaci\u00f3n Jaume Bofill. El acceso y la navegaci\u00f3n por la web o la utilizaci\u00f3n de sus servicios implican la aceptaci\u00f3n de la presente Pol\u00edtica de Cookies. Como todo el mundo, usamos cookies en las p\u00e1ginas web para que puedas navegar mejor. Siempre hacemos un [&hellip;]<\/p>\n","protected":false},"author":7,"featured_media":0,"parent":0,"menu_order":0,"comment_status":"closed","ping_status":"closed","template":"template-faqs.blade.php","meta":{"_acf_changed":false,"footnotes":""},"class_list":["post-143678","page","type-page","status-publish","hentry"],"acf":[],"yoast_head":"<!-- This site is optimized with the Yoast SEO plugin v27.3 - https:\/\/yoast.com\/product\/yoast-seo-wordpress\/ -->\n<title>Pol\u00edtica de cookies | Fundaci\u00f3n Bofill<\/title>\n<meta name=\"description\" content=\"Consulta la Pol\u00edtica de cookies de la Fundaci\u00f3n Bofill: qu\u00e9 datos se recopilan, c\u00f3mo se usan las cookies y c\u00f3mo gestionar tus preferencias de navegaci\u00f3n.\" \/>\n<meta name=\"robots\" content=\"index, follow, max-snippet:-1, max-image-preview:large, max-video-preview:-1\" \/>\n<link rel=\"canonical\" href=\"https:\/\/www.equitat.org\/es\/politica-de-cookies\" \/>\n<meta property=\"og:locale\" content=\"es_ES\" \/>\n<meta property=\"og:type\" content=\"article\" \/>\n<meta property=\"og:title\" content=\"Pol\u00edtica de cookies | Fundaci\u00f3n Bofill\" \/>\n<meta property=\"og:description\" content=\"Consulta la Pol\u00edtica de cookies de la Fundaci\u00f3n Bofill: qu\u00e9 datos se recopilan, c\u00f3mo se usan las cookies y c\u00f3mo gestionar tus preferencias de navegaci\u00f3n.\" \/>\n<meta property=\"og:url\" content=\"https:\/\/www.equitat.org\/es\/politica-de-cookies\" \/>\n<meta property=\"og:site_name\" content=\"Fundaci\u00f3 Bofill\" \/>\n<meta property=\"article:publisher\" content=\"https:\/\/www.facebook.com\/FundacioBofill?locale=es_ES\" \/>\n<meta property=\"article:modified_time\" content=\"2025-12-01T16:51:58+00:00\" \/>\n<meta name=\"twitter:card\" content=\"summary_large_image\" \/>\n<meta name=\"twitter:site\" content=\"@FundacioBofill\" \/>\n<meta name=\"twitter:label1\" content=\"Tiempo de lectura\" \/>\n\t<meta name=\"twitter:data1\" content=\"6 minutos\" \/>\n<script type=\"application\/ld+json\" class=\"yoast-schema-graph\">{\"@context\":\"https:\\\/\\\/schema.org\",\"@graph\":[{\"@type\":\"WebPage\",\"@id\":\"https:\\\/\\\/www.equitat.org\\\/es\\\/politica-de-cookies\",\"url\":\"https:\\\/\\\/www.equitat.org\\\/es\\\/politica-de-cookies\",\"name\":\"Pol\u00edtica de cookies | Fundaci\u00f3n Bofill\",\"isPartOf\":{\"@id\":\"https:\\\/\\\/www.equitat.org\\\/es#website\"},\"datePublished\":\"2023-11-15T10:50:30+00:00\",\"dateModified\":\"2025-12-01T16:51:58+00:00\",\"description\":\"Consulta la Pol\u00edtica de cookies de la Fundaci\u00f3n Bofill: qu\u00e9 datos se recopilan, c\u00f3mo se usan las cookies y c\u00f3mo gestionar tus preferencias de navegaci\u00f3n.\",\"inLanguage\":\"es\",\"potentialAction\":[{\"@type\":\"ReadAction\",\"target\":[\"https:\\\/\\\/www.equitat.org\\\/es\\\/politica-de-cookies\"]}]},{\"@type\":\"WebSite\",\"@id\":\"https:\\\/\\\/www.equitat.org\\\/es#website\",\"url\":\"https:\\\/\\\/www.equitat.org\\\/es\",\"name\":\"Fundaci\u00f3 Bofill\",\"description\":\"educaci\u00f3 per canviar-ho tot\",\"potentialAction\":[{\"@type\":\"SearchAction\",\"target\":{\"@type\":\"EntryPoint\",\"urlTemplate\":\"https:\\\/\\\/www.equitat.org\\\/es?s={search_term_string}\"},\"query-input\":{\"@type\":\"PropertyValueSpecification\",\"valueRequired\":true,\"valueName\":\"search_term_string\"}}],\"inLanguage\":\"es\"}]}<\/script>\n<!-- \/ Yoast SEO plugin. -->","yoast_head_json":{"title":"Pol\u00edtica de cookies | Fundaci\u00f3n Bofill","description":"Consulta la Pol\u00edtica de cookies de la Fundaci\u00f3n Bofill: qu\u00e9 datos se recopilan, c\u00f3mo se usan las cookies y c\u00f3mo gestionar tus preferencias de navegaci\u00f3n.","robots":{"index":"index","follow":"follow","max-snippet":"max-snippet:-1","max-image-preview":"max-image-preview:large","max-video-preview":"max-video-preview:-1"},"canonical":"https:\/\/www.equitat.org\/es\/politica-de-cookies","og_locale":"es_ES","og_type":"article","og_title":"Pol\u00edtica de cookies | Fundaci\u00f3n Bofill","og_description":"Consulta la Pol\u00edtica de cookies de la Fundaci\u00f3n Bofill: qu\u00e9 datos se recopilan, c\u00f3mo se usan las cookies y c\u00f3mo gestionar tus preferencias de navegaci\u00f3n.","og_url":"https:\/\/www.equitat.org\/es\/politica-de-cookies","og_site_name":"Fundaci\u00f3 Bofill","article_publisher":"https:\/\/www.facebook.com\/FundacioBofill?locale=es_ES","article_modified_time":"2025-12-01T16:51:58+00:00","twitter_card":"summary_large_image","twitter_site":"@FundacioBofill","twitter_misc":{"Tiempo de lectura":"6 minutos"},"schema":{"@context":"https:\/\/schema.org","@graph":[{"@type":"WebPage","@id":"https:\/\/www.equitat.org\/es\/politica-de-cookies","url":"https:\/\/www.equitat.org\/es\/politica-de-cookies","name":"Pol\u00edtica de cookies | Fundaci\u00f3n Bofill","isPartOf":{"@id":"https:\/\/www.equitat.org\/es#website"},"datePublished":"2023-11-15T10:50:30+00:00","dateModified":"2025-12-01T16:51:58+00:00","description":"Consulta la Pol\u00edtica de cookies de la Fundaci\u00f3n Bofill: qu\u00e9 datos se recopilan, c\u00f3mo se usan las cookies y c\u00f3mo gestionar tus preferencias de navegaci\u00f3n.","inLanguage":"es","potentialAction":[{"@type":"ReadAction","target":["https:\/\/www.equitat.org\/es\/politica-de-cookies"]}]},{"@type":"WebSite","@id":"https:\/\/www.equitat.org\/es#website","url":"https:\/\/www.equitat.org\/es","name":"Fundaci\u00f3 Bofill","description":"educaci\u00f3 per canviar-ho tot","potentialAction":[{"@type":"SearchAction","target":{"@type":"EntryPoint","urlTemplate":"https:\/\/www.equitat.org\/es?s={search_term_string}"},"query-input":{"@type":"PropertyValueSpecification","valueRequired":true,"valueName":"search_term_string"}}],"inLanguage":"es"}]}},"_links":{"self":[{"href":"https:\/\/www.equitat.org\/es\/wp-json\/wp\/v2\/pages\/143678","targetHints":{"allow":["GET"]}}],"collection":[{"href":"https:\/\/www.equitat.org\/es\/wp-json\/wp\/v2\/pages"}],"about":[{"href":"https:\/\/www.equitat.org\/es\/wp-json\/wp\/v2\/types\/page"}],"author":[{"embeddable":true,"href":"https:\/\/www.equitat.org\/es\/wp-json\/wp\/v2\/users\/7"}],"replies":[{"embeddable":true,"href":"https:\/\/www.equitat.org\/es\/wp-json\/wp\/v2\/comments?post=143678"}],"version-history":[{"count":1,"href":"https:\/\/www.equitat.org\/es\/wp-json\/wp\/v2\/pages\/143678\/revisions"}],"predecessor-version":[{"id":143679,"href":"https:\/\/www.equitat.org\/es\/wp-json\/wp\/v2\/pages\/143678\/revisions\/143679"}],"wp:attachment":[{"href":"https:\/\/www.equitat.org\/es\/wp-json\/wp\/v2\/media?parent=143678"}],"curies":[{"name":"wp","href":"https:\/\/api.w.org\/{rel}","templated":true}]}}