{"id":143662,"date":"2025-02-04T09:59:07","date_gmt":"2025-02-04T09:59:07","guid":{"rendered":"https:\/\/www.equitat.org\/?page_id=143662"},"modified":"2025-12-01T16:50:06","modified_gmt":"2025-12-01T16:50:06","slug":"reptes","status":"publish","type":"page","link":"https:\/\/www.equitat.org\/es\/historia\/reptes","title":{"rendered":"Desaf\u00edos"},"content":{"rendered":"<section class=\"container mt-4\" data-block-name=\"full-width-image-block\">\n    <img loading=\"lazy\" decoding=\"async\" width=\"1184\" height=\"310\" src=\"https:\/\/www.equitat.org\/app\/uploads\/2025\/03\/reptes-full-width.png\" class=\"w-full h-auto\" alt=\"\" srcset=\"https:\/\/www.equitat.org\/app\/uploads\/2025\/03\/reptes-full-width.png 1184w, https:\/\/www.equitat.org\/app\/uploads\/2025\/03\/reptes-full-width-300x79.png 300w, https:\/\/www.equitat.org\/app\/uploads\/2025\/03\/reptes-full-width-1024x268.png 1024w, https:\/\/www.equitat.org\/app\/uploads\/2025\/03\/reptes-full-width-768x201.png 768w\" sizes=\"auto, (max-width: 1184px) 100vw, 1184px\" \/>\n  <\/section>\n\n\n<section class=\"container py-6 lg:py-10 \" data-block-name=\"breadcrumbs-block\">\n    <div id=\"breadcrumbs\" class=\"breadcrumbs\"><\/div>\n<\/section>\n\n\n<section class=\" my-6 lg:mt-10  lg:mb-20 md:container flex flex-col max-lg:gap-y-6 \" data-block-name=\"reptes-block\">\n  <div class=\"w-full lg:pb-10 flex flex-col gap-6 lg:gap-y-10\">\n          <div class=\"flex flex-col md:flex-row md:justify-between border-b border-orange-500 \" data-component-name=\"section-title\">\n  <div class=\"text-orange-500 flex flex-row gap-2 lowercase flex-wrap items-center\">\n\n        <div class=\"font-bold text-orange-500 text-lg lowercase font-serif \">Desaf\u00edos<\/div>\n            <span class=\"\">\/<\/span>\n    <p class=\"font-semibold leading-none font-serif  \">Analizamos los principales hitos, retos y preguntas de futuro.<\/p>\n      <\/div>\n  <\/div>\n\n              <div class=\"bg-vermell-clar p-6 \">\n        <p>A lo largo de su historia, la Fundaci\u00f3n Jaume Bofill se ha planteado numerosos retos para lograr la transformaci\u00f3n y el cambio social a trav\u00e9s de sus iniciativas. Estos v\u00eddeos repasan todos los hitos, retos y preguntas que la Fundaci\u00f3n Jaume Bofill plantea para el futuro.<\/p>\n\n      <\/div>\n      <\/div>\n              <div class=\"col-span-full grid grid-cols-12 items-stretch max-lg:gap-y-4\">\n        <div\n          class=\"col-span-full lg:col-span-6  relative overflow-hidden aspect-square\">\n                      <div class=\" absolute inset-0 bg-cover bg-center\">\n              <img loading=\"lazy\" decoding=\"async\" width=\"592\" height=\"567\" src=\"https:\/\/www.equitat.org\/app\/uploads\/2025\/03\/90p-origens-1050x1050_M.jpg.png\" class=\"w-full h-full object-cover\" alt=\"\" srcset=\"https:\/\/www.equitat.org\/app\/uploads\/2025\/03\/90p-origens-1050x1050_M.jpg.png 592w, https:\/\/www.equitat.org\/app\/uploads\/2025\/03\/90p-origens-1050x1050_M.jpg-300x287.png 300w\" sizes=\"auto, (max-width: 592px) 100vw, 592px\" \/>\n            <\/div>\n                                <div class=\"flex items-center justify-center w-full h-full text-center relative z-20\">\n              <h2 class=\"text-beige-100 text-2xl lg:text-4xl font-bold font-serif uppercase\">OR\u00cdGENES<\/h2>\n            <\/div>\n                  <\/div>\n                  <div\n            class=\"col-span-full lg:col-span-4 flex items-center  lg:col-start-8 \">\n            <div class=\"lg:max-w-[482px] w-full flex flex-col gap-y-6 p-4 \">\n              <div class=\"lg:text-lg text-content shareable\"><p>Nacimiento de la fundaci\u00f3n<br \/>\n\u00bfPor qu\u00e9 el nombre Jaume Bofill?<br \/>\nLos fundadores<br \/>\nLa fundaci\u00f3n durante la dictadura<br \/>\nLas primeras actividades<br \/>\nInstitut Pacis<br \/>\nServicios de Cultura Popular<br \/>\nTres fundaciones en una<br \/>\nLa gobernanza de la entidad<\/p>\n<p><a href=\"https:\/\/fundaciobofill.mortensen.cat\/historia\/reptes\/origens\/\">Ver m\u00e1s<\/a><\/p>\n<\/div>\n            <\/div>\n          <\/div>\n              <\/div>\n                <div class=\"col-span-full grid grid-cols-12 items-stretch max-lg:gap-y-4\">\n        <div\n          class=\"col-span-full lg:col-span-6  lg:order-2 lg:col-start-7  relative overflow-hidden aspect-square\">\n                      <div class=\" absolute inset-0 bg-cover bg-center\">\n              <img loading=\"lazy\" decoding=\"async\" width=\"592\" height=\"567\" src=\"https:\/\/www.equitat.org\/app\/uploads\/2025\/03\/gq3-fundacio-1050x1050_M.jpg.png\" class=\"w-full h-full object-cover\" alt=\"\" srcset=\"https:\/\/www.equitat.org\/app\/uploads\/2025\/03\/gq3-fundacio-1050x1050_M.jpg.png 592w, https:\/\/www.equitat.org\/app\/uploads\/2025\/03\/gq3-fundacio-1050x1050_M.jpg-300x287.png 300w\" sizes=\"auto, (max-width: 592px) 100vw, 592px\" \/>\n            <\/div>\n                                <div class=\"flex items-center justify-center w-full h-full text-center relative z-20\">\n              <h2 class=\"text-beige-100 text-2xl lg:text-4xl font-bold font-serif uppercase\">LA FUNDACI\u00d3N<\/h2>\n            <\/div>\n                  <\/div>\n                  <div\n            class=\"col-span-full lg:col-span-4 flex items-center  lg:order-1 lg:col-start-2 \">\n            <div class=\"lg:max-w-[482px] w-full flex flex-col gap-y-6 p-4 \">\n              <div class=\"lg:text-lg text-content shareable\"><p>\u00b7 C\u00f3mo nos definimos<br \/>\n\u00b7 C\u00f3mo operamos y c\u00f3mo actuamos<br \/>\n\u00b7 Valores y caracter\u00edsticas<br \/>\n\u00b7 La prevalencia del esp\u00edritu fundador<\/p>\n<p><a href=\"https:\/\/fundaciobofill.mortensen.cat\/fundacio\/\">Ver m\u00e1s<\/a><\/p>\n<\/div>\n            <\/div>\n          <\/div>\n              <\/div>\n                <div class=\"col-span-full grid grid-cols-12 items-stretch max-lg:gap-y-4\">\n        <div\n          class=\"col-span-full lg:col-span-6  relative overflow-hidden aspect-square\">\n                      <div class=\" absolute inset-0 bg-cover bg-center\">\n              <img loading=\"lazy\" decoding=\"async\" width=\"592\" height=\"567\" src=\"https:\/\/www.equitat.org\/app\/uploads\/2025\/03\/k91-actualitat-1050x1050_M.jpg.png\" class=\"w-full h-full object-cover\" alt=\"\" srcset=\"https:\/\/www.equitat.org\/app\/uploads\/2025\/03\/k91-actualitat-1050x1050_M.jpg.png 592w, https:\/\/www.equitat.org\/app\/uploads\/2025\/03\/k91-actualitat-1050x1050_M.jpg-300x287.png 300w\" sizes=\"auto, (max-width: 592px) 100vw, 592px\" \/>\n            <\/div>\n                                <div class=\"flex items-center justify-center w-full h-full text-center relative z-20\">\n              <h2 class=\"text-beige-100 text-2xl lg:text-4xl font-bold font-serif uppercase\">ACTUALIDAD<\/h2>\n            <\/div>\n                  <\/div>\n                  <div\n            class=\"col-span-full lg:col-span-4 flex items-center  lg:col-start-8 \">\n            <div class=\"lg:max-w-[482px] w-full flex flex-col gap-y-6 p-4 \">\n              <div class=\"lg:text-lg text-content shareable\"><p>\u00b7 Enfoque en la educaci\u00f3n<br \/>\n\u00b7 Investigaci\u00f3n en curso<br \/>\n\u00b7 Presentaci\u00f3n del \u00e1rea del programa<br \/>\n\u00b7 Temas actuales abordados<\/p>\n<p><a href=\"https:\/\/fundaciobofill.mortensen.cat\/historia\/reptes\/\">Ver m\u00e1s<\/a><\/p>\n<\/div>\n            <\/div>\n          <\/div>\n              <\/div>\n                <div class=\"col-span-full grid grid-cols-12 items-stretch max-lg:gap-y-4\">\n        <div\n          class=\"col-span-full lg:col-span-6  lg:order-2 lg:col-start-7  relative overflow-hidden aspect-square\">\n                      <div class=\" absolute inset-0 bg-cover bg-center\">\n              <img loading=\"lazy\" decoding=\"async\" width=\"592\" height=\"567\" src=\"https:\/\/www.equitat.org\/app\/uploads\/2025\/03\/s1s-futur-1050x1050_M.jpg.png\" class=\"w-full h-full object-cover\" alt=\"\" srcset=\"https:\/\/www.equitat.org\/app\/uploads\/2025\/03\/s1s-futur-1050x1050_M.jpg.png 592w, https:\/\/www.equitat.org\/app\/uploads\/2025\/03\/s1s-futur-1050x1050_M.jpg-300x287.png 300w\" sizes=\"auto, (max-width: 592px) 100vw, 592px\" \/>\n            <\/div>\n                                <div class=\"flex items-center justify-center w-full h-full text-center relative z-20\">\n              <h2 class=\"text-beige-100 text-2xl lg:text-4xl font-bold font-serif uppercase\">FUTURO<\/h2>\n            <\/div>\n                  <\/div>\n                  <div\n            class=\"col-span-full lg:col-span-4 flex items-center  lg:order-1 lg:col-start-2 \">\n            <div class=\"lg:max-w-[482px] w-full flex flex-col gap-y-6 p-4 \">\n              <div class=\"lg:text-lg text-content shareable\"><p>\u00b7 Retos futuros \u00bfhacia d\u00f3nde vamos?<\/p>\n<p><a href=\"https:\/\/fundaciobofill.mortensen.cat\/historia\/reptes\/\">Ver m\u00e1s<\/a><\/p>\n<\/div>\n            <\/div>\n          <\/div>\n              <\/div>\n            <\/section>","protected":false},"excerpt":{"rendered":"","protected":false},"author":7,"featured_media":0,"parent":143658,"menu_order":0,"comment_status":"closed","ping_status":"closed","template":"template-about.blade.php","meta":{"_acf_changed":false,"footnotes":""},"class_list":["post-143662","page","type-page","status-publish","hentry"],"acf":[],"yoast_head":"<!-- This site is optimized with the Yoast SEO plugin v27.3 - https:\/\/yoast.com\/product\/yoast-seo-wordpress\/ -->\n<title>Desaf\u00edos | Fundaci\u00f3n Bofill<\/title>\n<meta name=\"description\" content=\"Conoce los principales desaf\u00edos de la Fundaci\u00f3n Bofill: retos, hitos y preguntas de futuro para avanzar hacia una educaci\u00f3n m\u00e1s equitativa e innovadora en Catalu\u00f1a.\" \/>\n<meta name=\"robots\" content=\"index, follow, max-snippet:-1, max-image-preview:large, max-video-preview:-1\" \/>\n<link rel=\"canonical\" href=\"https:\/\/www.equitat.org\/es\/historia\/reptes\" \/>\n<meta property=\"og:locale\" content=\"es_ES\" \/>\n<meta property=\"og:type\" content=\"article\" \/>\n<meta property=\"og:title\" content=\"Desaf\u00edos | Fundaci\u00f3n Bofill\" \/>\n<meta property=\"og:description\" content=\"Conoce los principales desaf\u00edos de la Fundaci\u00f3n Bofill: retos, hitos y preguntas de futuro para avanzar hacia una educaci\u00f3n m\u00e1s equitativa e innovadora en Catalu\u00f1a.\" \/>\n<meta property=\"og:url\" content=\"https:\/\/www.equitat.org\/es\/historia\/reptes\" \/>\n<meta property=\"og:site_name\" content=\"Fundaci\u00f3 Bofill\" \/>\n<meta property=\"article:publisher\" content=\"https:\/\/www.facebook.com\/FundacioBofill?locale=es_ES\" \/>\n<meta property=\"article:modified_time\" content=\"2025-12-01T16:50:06+00:00\" \/>\n<meta name=\"twitter:card\" content=\"summary_large_image\" \/>\n<meta name=\"twitter:site\" content=\"@FundacioBofill\" \/>\n<meta name=\"twitter:label1\" content=\"Tiempo de lectura\" \/>\n\t<meta name=\"twitter:data1\" content=\"1 minuto\" \/>\n<script type=\"application\/ld+json\" class=\"yoast-schema-graph\">{\"@context\":\"https:\\\/\\\/schema.org\",\"@graph\":[{\"@type\":\"WebPage\",\"@id\":\"https:\\\/\\\/www.equitat.org\\\/es\\\/historia\\\/reptes\",\"url\":\"https:\\\/\\\/www.equitat.org\\\/es\\\/historia\\\/reptes\",\"name\":\"Desaf\u00edos | Fundaci\u00f3n Bofill\",\"isPartOf\":{\"@id\":\"https:\\\/\\\/www.equitat.org\\\/es#website\"},\"datePublished\":\"2025-02-04T09:59:07+00:00\",\"dateModified\":\"2025-12-01T16:50:06+00:00\",\"description\":\"Conoce los principales desaf\u00edos de la Fundaci\u00f3n Bofill: retos, hitos y preguntas de futuro para avanzar hacia una educaci\u00f3n m\u00e1s equitativa e innovadora en Catalu\u00f1a.\",\"inLanguage\":\"es\",\"potentialAction\":[{\"@type\":\"ReadAction\",\"target\":[\"https:\\\/\\\/www.equitat.org\\\/es\\\/historia\\\/reptes\"]}]},{\"@type\":\"WebSite\",\"@id\":\"https:\\\/\\\/www.equitat.org\\\/es#website\",\"url\":\"https:\\\/\\\/www.equitat.org\\\/es\",\"name\":\"Fundaci\u00f3 Bofill\",\"description\":\"educaci\u00f3 per canviar-ho tot\",\"potentialAction\":[{\"@type\":\"SearchAction\",\"target\":{\"@type\":\"EntryPoint\",\"urlTemplate\":\"https:\\\/\\\/www.equitat.org\\\/es?s={search_term_string}\"},\"query-input\":{\"@type\":\"PropertyValueSpecification\",\"valueRequired\":true,\"valueName\":\"search_term_string\"}}],\"inLanguage\":\"es\"}]}<\/script>\n<!-- \/ Yoast SEO plugin. -->","yoast_head_json":{"title":"Desaf\u00edos | Fundaci\u00f3n Bofill","description":"Conoce los principales desaf\u00edos de la Fundaci\u00f3n Bofill: retos, hitos y preguntas de futuro para avanzar hacia una educaci\u00f3n m\u00e1s equitativa e innovadora en Catalu\u00f1a.","robots":{"index":"index","follow":"follow","max-snippet":"max-snippet:-1","max-image-preview":"max-image-preview:large","max-video-preview":"max-video-preview:-1"},"canonical":"https:\/\/www.equitat.org\/es\/historia\/reptes","og_locale":"es_ES","og_type":"article","og_title":"Desaf\u00edos | Fundaci\u00f3n Bofill","og_description":"Conoce los principales desaf\u00edos de la Fundaci\u00f3n Bofill: retos, hitos y preguntas de futuro para avanzar hacia una educaci\u00f3n m\u00e1s equitativa e innovadora en Catalu\u00f1a.","og_url":"https:\/\/www.equitat.org\/es\/historia\/reptes","og_site_name":"Fundaci\u00f3 Bofill","article_publisher":"https:\/\/www.facebook.com\/FundacioBofill?locale=es_ES","article_modified_time":"2025-12-01T16:50:06+00:00","twitter_card":"summary_large_image","twitter_site":"@FundacioBofill","twitter_misc":{"Tiempo de lectura":"1 minuto"},"schema":{"@context":"https:\/\/schema.org","@graph":[{"@type":"WebPage","@id":"https:\/\/www.equitat.org\/es\/historia\/reptes","url":"https:\/\/www.equitat.org\/es\/historia\/reptes","name":"Desaf\u00edos | Fundaci\u00f3n Bofill","isPartOf":{"@id":"https:\/\/www.equitat.org\/es#website"},"datePublished":"2025-02-04T09:59:07+00:00","dateModified":"2025-12-01T16:50:06+00:00","description":"Conoce los principales desaf\u00edos de la Fundaci\u00f3n Bofill: retos, hitos y preguntas de futuro para avanzar hacia una educaci\u00f3n m\u00e1s equitativa e innovadora en Catalu\u00f1a.","inLanguage":"es","potentialAction":[{"@type":"ReadAction","target":["https:\/\/www.equitat.org\/es\/historia\/reptes"]}]},{"@type":"WebSite","@id":"https:\/\/www.equitat.org\/es#website","url":"https:\/\/www.equitat.org\/es","name":"Fundaci\u00f3 Bofill","description":"educaci\u00f3 per canviar-ho tot","potentialAction":[{"@type":"SearchAction","target":{"@type":"EntryPoint","urlTemplate":"https:\/\/www.equitat.org\/es?s={search_term_string}"},"query-input":{"@type":"PropertyValueSpecification","valueRequired":true,"valueName":"search_term_string"}}],"inLanguage":"es"}]}},"_links":{"self":[{"href":"https:\/\/www.equitat.org\/es\/wp-json\/wp\/v2\/pages\/143662","targetHints":{"allow":["GET"]}}],"collection":[{"href":"https:\/\/www.equitat.org\/es\/wp-json\/wp\/v2\/pages"}],"about":[{"href":"https:\/\/www.equitat.org\/es\/wp-json\/wp\/v2\/types\/page"}],"author":[{"embeddable":true,"href":"https:\/\/www.equitat.org\/es\/wp-json\/wp\/v2\/users\/7"}],"replies":[{"embeddable":true,"href":"https:\/\/www.equitat.org\/es\/wp-json\/wp\/v2\/comments?post=143662"}],"version-history":[{"count":3,"href":"https:\/\/www.equitat.org\/es\/wp-json\/wp\/v2\/pages\/143662\/revisions"}],"predecessor-version":[{"id":149507,"href":"https:\/\/www.equitat.org\/es\/wp-json\/wp\/v2\/pages\/143662\/revisions\/149507"}],"up":[{"embeddable":true,"href":"https:\/\/www.equitat.org\/es\/wp-json\/wp\/v2\/pages\/143658"}],"wp:attachment":[{"href":"https:\/\/www.equitat.org\/es\/wp-json\/wp\/v2\/media?parent=143662"}],"curies":[{"name":"wp","href":"https:\/\/api.w.org\/{rel}","templated":true}]}}