{"id":143658,"date":"2024-03-15T08:54:11","date_gmt":"2024-03-15T08:54:11","guid":{"rendered":"https:\/\/www.equitat.org\/?page_id=143658"},"modified":"2025-12-01T16:48:56","modified_gmt":"2025-12-01T16:48:56","slug":"historia","status":"publish","type":"page","link":"https:\/\/www.equitat.org\/es\/historia","title":{"rendered":"Historia"},"content":{"rendered":"<section class=\"container mt-4\" data-block-name=\"full-width-image-block\">\n    <img loading=\"lazy\" decoding=\"async\" width=\"1185\" height=\"435\" src=\"https:\/\/www.equitat.org\/app\/uploads\/2025\/03\/historia-herp.png\" class=\"w-full h-auto\" alt=\"\" srcset=\"https:\/\/www.equitat.org\/app\/uploads\/2025\/03\/historia-herp.png 1185w, https:\/\/www.equitat.org\/app\/uploads\/2025\/03\/historia-herp-300x110.png 300w, https:\/\/www.equitat.org\/app\/uploads\/2025\/03\/historia-herp-1024x376.png 1024w, https:\/\/www.equitat.org\/app\/uploads\/2025\/03\/historia-herp-768x282.png 768w\" sizes=\"auto, (max-width: 1185px) 100vw, 1185px\" \/>\n  <\/section>\n\n\n<section class=\"container py-6 lg:py-10 \" data-block-name=\"breadcrumbs-block\">\n    <div id=\"breadcrumbs\" class=\"breadcrumbs\"><\/div>\n<\/section>\n\n\n<section class=\"container py-5 md:py-10\" data-block-name=\"distribute-block\">\n    <div class=\"flex flex-col md:flex-row md:justify-between border-b border-orange-500 \" data-component-name=\"section-title\">\n  <div class=\"text-orange-500 flex flex-row gap-2 lowercase flex-wrap items-center\">\n\n        <div class=\"font-bold text-orange-500 text-lg lowercase font-serif \">Historia<\/div>\n            <span class=\"\">\/<\/span>\n    <p class=\"font-semibold leading-none font-serif  \">La historia contada en primera persona<\/p>\n      <\/div>\n  <\/div>\n\n    <div class=\"grid grid-cols-12 gap-x-8 py-6 lg:py-10\">\n                    <div class=\"col-span-12 md:col-span-6\">\n          <div class=\"relative aspect-square  group\">\n            <div class=\"absolute inset-0 bg-cover bg-center\" >\n              <img loading=\"lazy\" decoding=\"async\" width=\"580\" height=\"534\" src=\"https:\/\/www.equitat.org\/app\/uploads\/2025\/03\/reptes-1050x1050.jpg.png\" class=\"w-full h-full object-cover\" alt=\"\" srcset=\"https:\/\/www.equitat.org\/app\/uploads\/2025\/03\/reptes-1050x1050.jpg.png 580w, https:\/\/www.equitat.org\/app\/uploads\/2025\/03\/reptes-1050x1050.jpg-300x276.png 300w\" sizes=\"auto, (max-width: 580px) 100vw, 580px\" \/>\n            <\/div>\n            <div class=\"absolute inset-0 bg-grey-900 bg-opacity-10 group-hover:bg-opacity-30 transition duration-150 ease-in-out\"><\/div>\n           <a href=\"https:\/\/fundaciobofill.mortensen.cat\/historia\/reptes\" target=\"\" class=\"relative z-20 flex-1 uppercase text-beige-100 text-center text-2xl font-bold flex items-center justify-center w-full h-full group-hover:underline underline-offset-4\">\n              Retos\n            <\/a>\n          <\/div>\n        <\/div>\n                          <div class=\"col-span-12 md:col-span-6\">\n          <div class=\"relative aspect-square  group\">\n            <div class=\"absolute inset-0 bg-cover bg-center\" >\n              <img loading=\"lazy\" decoding=\"async\" width=\"580\" height=\"534\" src=\"https:\/\/www.equitat.org\/app\/uploads\/2025\/03\/persones-1050x1050.jpg.png\" class=\"w-full h-full object-cover\" alt=\"\" srcset=\"https:\/\/www.equitat.org\/app\/uploads\/2025\/03\/persones-1050x1050.jpg.png 580w, https:\/\/www.equitat.org\/app\/uploads\/2025\/03\/persones-1050x1050.jpg-300x276.png 300w\" sizes=\"auto, (max-width: 580px) 100vw, 580px\" \/>\n            <\/div>\n            <div class=\"absolute inset-0 bg-grey-900 bg-opacity-10 group-hover:bg-opacity-30 transition duration-150 ease-in-out\"><\/div>\n           <a href=\"https:\/\/fundaciobofill.mortensen.cat\/historia\/protagonistes\" target=\"\" class=\"relative z-20 flex-1 uppercase text-beige-100 text-center text-2xl font-bold flex items-center justify-center w-full h-full group-hover:underline underline-offset-4\">\n              Protagonistas\n            <\/a>\n          <\/div>\n        <\/div>\n                <\/div>\n<\/section>\n\n\n","protected":false},"excerpt":{"rendered":"","protected":false},"author":7,"featured_media":0,"parent":0,"menu_order":0,"comment_status":"closed","ping_status":"closed","template":"template-about.blade.php","meta":{"_acf_changed":false,"footnotes":""},"class_list":["post-143658","page","type-page","status-publish","hentry"],"acf":[],"yoast_head":"<!-- This site is optimized with the Yoast SEO plugin v27.3 - https:\/\/yoast.com\/product\/yoast-seo-wordpress\/ -->\n<title>Historia de la Fundaci\u00f3n Bofill<\/title>\n<meta name=\"description\" content=\"Explora la historia de la Fundaci\u00f3n Bofill: sus or\u00edgenes, evoluci\u00f3n, hitos y compromiso constante con la transformaci\u00f3n social y la mejora educativa en Catalu\u00f1a.\" \/>\n<meta name=\"robots\" content=\"index, follow, max-snippet:-1, max-image-preview:large, max-video-preview:-1\" \/>\n<link rel=\"canonical\" href=\"https:\/\/www.equitat.org\/es\/historia\" \/>\n<meta property=\"og:locale\" content=\"es_ES\" \/>\n<meta property=\"og:type\" content=\"article\" \/>\n<meta property=\"og:title\" content=\"Historia de la Fundaci\u00f3n Bofill\" \/>\n<meta property=\"og:description\" content=\"Explora la historia de la Fundaci\u00f3n Bofill: sus or\u00edgenes, evoluci\u00f3n, hitos y compromiso constante con la transformaci\u00f3n social y la mejora educativa en Catalu\u00f1a.\" \/>\n<meta property=\"og:url\" content=\"https:\/\/www.equitat.org\/es\/historia\" \/>\n<meta property=\"og:site_name\" content=\"Fundaci\u00f3 Bofill\" \/>\n<meta property=\"article:publisher\" content=\"https:\/\/www.facebook.com\/FundacioBofill?locale=es_ES\" \/>\n<meta property=\"article:modified_time\" content=\"2025-12-01T16:48:56+00:00\" \/>\n<meta name=\"twitter:card\" content=\"summary_large_image\" \/>\n<meta name=\"twitter:site\" content=\"@FundacioBofill\" \/>\n<meta name=\"twitter:label1\" content=\"Tiempo de lectura\" \/>\n\t<meta name=\"twitter:data1\" content=\"1 minuto\" \/>\n<script type=\"application\/ld+json\" class=\"yoast-schema-graph\">{\"@context\":\"https:\\\/\\\/schema.org\",\"@graph\":[{\"@type\":\"WebPage\",\"@id\":\"https:\\\/\\\/www.equitat.org\\\/es\\\/historia\",\"url\":\"https:\\\/\\\/www.equitat.org\\\/es\\\/historia\",\"name\":\"Historia de la Fundaci\u00f3n Bofill\",\"isPartOf\":{\"@id\":\"https:\\\/\\\/www.equitat.org\\\/es#website\"},\"datePublished\":\"2024-03-15T08:54:11+00:00\",\"dateModified\":\"2025-12-01T16:48:56+00:00\",\"description\":\"Explora la historia de la Fundaci\u00f3n Bofill: sus or\u00edgenes, evoluci\u00f3n, hitos y compromiso constante con la transformaci\u00f3n social y la mejora educativa en Catalu\u00f1a.\",\"inLanguage\":\"es\",\"potentialAction\":[{\"@type\":\"ReadAction\",\"target\":[\"https:\\\/\\\/www.equitat.org\\\/es\\\/historia\"]}]},{\"@type\":\"WebSite\",\"@id\":\"https:\\\/\\\/www.equitat.org\\\/es#website\",\"url\":\"https:\\\/\\\/www.equitat.org\\\/es\",\"name\":\"Fundaci\u00f3 Bofill\",\"description\":\"educaci\u00f3 per canviar-ho tot\",\"potentialAction\":[{\"@type\":\"SearchAction\",\"target\":{\"@type\":\"EntryPoint\",\"urlTemplate\":\"https:\\\/\\\/www.equitat.org\\\/es?s={search_term_string}\"},\"query-input\":{\"@type\":\"PropertyValueSpecification\",\"valueRequired\":true,\"valueName\":\"search_term_string\"}}],\"inLanguage\":\"es\"}]}<\/script>\n<!-- \/ Yoast SEO plugin. -->","yoast_head_json":{"title":"Historia de la Fundaci\u00f3n Bofill","description":"Explora la historia de la Fundaci\u00f3n Bofill: sus or\u00edgenes, evoluci\u00f3n, hitos y compromiso constante con la transformaci\u00f3n social y la mejora educativa en Catalu\u00f1a.","robots":{"index":"index","follow":"follow","max-snippet":"max-snippet:-1","max-image-preview":"max-image-preview:large","max-video-preview":"max-video-preview:-1"},"canonical":"https:\/\/www.equitat.org\/es\/historia","og_locale":"es_ES","og_type":"article","og_title":"Historia de la Fundaci\u00f3n Bofill","og_description":"Explora la historia de la Fundaci\u00f3n Bofill: sus or\u00edgenes, evoluci\u00f3n, hitos y compromiso constante con la transformaci\u00f3n social y la mejora educativa en Catalu\u00f1a.","og_url":"https:\/\/www.equitat.org\/es\/historia","og_site_name":"Fundaci\u00f3 Bofill","article_publisher":"https:\/\/www.facebook.com\/FundacioBofill?locale=es_ES","article_modified_time":"2025-12-01T16:48:56+00:00","twitter_card":"summary_large_image","twitter_site":"@FundacioBofill","twitter_misc":{"Tiempo de lectura":"1 minuto"},"schema":{"@context":"https:\/\/schema.org","@graph":[{"@type":"WebPage","@id":"https:\/\/www.equitat.org\/es\/historia","url":"https:\/\/www.equitat.org\/es\/historia","name":"Historia de la Fundaci\u00f3n Bofill","isPartOf":{"@id":"https:\/\/www.equitat.org\/es#website"},"datePublished":"2024-03-15T08:54:11+00:00","dateModified":"2025-12-01T16:48:56+00:00","description":"Explora la historia de la Fundaci\u00f3n Bofill: sus or\u00edgenes, evoluci\u00f3n, hitos y compromiso constante con la transformaci\u00f3n social y la mejora educativa en Catalu\u00f1a.","inLanguage":"es","potentialAction":[{"@type":"ReadAction","target":["https:\/\/www.equitat.org\/es\/historia"]}]},{"@type":"WebSite","@id":"https:\/\/www.equitat.org\/es#website","url":"https:\/\/www.equitat.org\/es","name":"Fundaci\u00f3 Bofill","description":"educaci\u00f3 per canviar-ho tot","potentialAction":[{"@type":"SearchAction","target":{"@type":"EntryPoint","urlTemplate":"https:\/\/www.equitat.org\/es?s={search_term_string}"},"query-input":{"@type":"PropertyValueSpecification","valueRequired":true,"valueName":"search_term_string"}}],"inLanguage":"es"}]}},"_links":{"self":[{"href":"https:\/\/www.equitat.org\/es\/wp-json\/wp\/v2\/pages\/143658","targetHints":{"allow":["GET"]}}],"collection":[{"href":"https:\/\/www.equitat.org\/es\/wp-json\/wp\/v2\/pages"}],"about":[{"href":"https:\/\/www.equitat.org\/es\/wp-json\/wp\/v2\/types\/page"}],"author":[{"embeddable":true,"href":"https:\/\/www.equitat.org\/es\/wp-json\/wp\/v2\/users\/7"}],"replies":[{"embeddable":true,"href":"https:\/\/www.equitat.org\/es\/wp-json\/wp\/v2\/comments?post=143658"}],"version-history":[{"count":2,"href":"https:\/\/www.equitat.org\/es\/wp-json\/wp\/v2\/pages\/143658\/revisions"}],"predecessor-version":[{"id":149505,"href":"https:\/\/www.equitat.org\/es\/wp-json\/wp\/v2\/pages\/143658\/revisions\/149505"}],"wp:attachment":[{"href":"https:\/\/www.equitat.org\/es\/wp-json\/wp\/v2\/media?parent=143658"}],"curies":[{"name":"wp","href":"https:\/\/api.w.org\/{rel}","templated":true}]}}